{"id":4,"date":"2016-12-14T12:53:06","date_gmt":"2016-12-14T11:53:06","guid":{"rendered":"http:\/\/bazar.polcoin.pl\/?page_id=4"},"modified":"2022-02-08T12:03:46","modified_gmt":"2022-02-08T11:03:46","slug":"strona-glowna","status":"publish","type":"page","link":"https:\/\/polcoin.pl\/","title":{"rendered":""},"content":{"rendered":"<p><strong id=\"desc\">Co to jest Polcoin<\/strong><\/p>\n<p align=\"justify\">Polcoin (POL COIN, PLC) jest pie<strong id=\"desc\"><img decoding=\"async\" loading=\"lazy\" class=\"size-full wp-image-35 alignleft\" src=\"https:\/\/polcoin.pl\/wp-content\/uploads\/2021\/10\/polcoin.png\" alt=\"\" width=\"256\" height=\"256\" \/><\/strong>rwsz\u0105 polsk\u0105 wirtualn\u0105 walut\u0105. Powsta\u0142a w styczniu 2014 roku jako klon zyskuj\u0105cego na popularno\u015bci Bitcoina. Oparty jest na tym samym algorytmie SHA256d. Obecnie jest to ca\u0142kowicie polski projekt w, kt\u00f3ry zaanga\u017cowany jest wy\u0142\u0105cznie polski zesp\u00f3\u0142 tw\u00f3rc\u00f3w oraz polski kapita\u0142. Obecnie rozwija go trzeci ju\u017c zesp\u00f3\u0142 developer\u00f3w. Odrodzony projekt Polcoin opiera si\u0119 o nowy \u0142a\u0144cuch blok\u00f3w. Polcoin posiada stabiln\u0105 sie\u0107 w\u0119z\u0142\u00f3w a developerzy pracuj\u0105 nad jej rozwojem.<\/p>\n<p align=\"justify\">Oficaln\u0105 nazw\u0105 jest Polcoin [PLC] ale r\u00f3wnie\u017c spotykane s\u0105 PolCoin [PLC] i inne<\/p>\n<div class=\"col-lg-6 \">\n<div id=\"accordion2087083473\" class=\"panel-group accordion_tab\">\n<div class=\"panel animated fadeInUp visible\" data-animation=\"fadeInUp\" data-animation-delay=\"200\">\n<div id=\"collapseOne2002087083473\" class=\"panel-collapse collapse in\">\n<div class=\"panel-body\">Sie\u0107 Polcoin wykorzystuje do potwierdzania transakcji sieci algorytm SHA256d. Jest to uznany i szeroko stosowany algorytm szyfruj\u0105cy. Na t\u0105 chwil\u0119 jego \u0142amanie dost\u0119pnymi metodami i sprz\u0119tem zajmuje nieproporcjonalnie du\u017co czasu do mo\u017cliwych efekt\u00f3w.<\/div>\n<\/div>\n<\/div>\n<\/div>\n<\/div>\n<p>&nbsp;<\/p>\n<p>Dane techniczne:<\/p>\n<div class=\"col-lg-6 \">\n<ul>\n<li>Algorytm : SHA256d<\/li>\n<li>Cz\u0119stotliwo\u015b\u0107 generowania bloku : 60 sekund<\/li>\n<li>Warto\u015b\u0107 wygenerowanego bloku : 25 PLC (1 halving za nami!)<\/li>\n<li>Zmniejszenie warto\u015bci generowanego bloku co : 2100000 blok\u00f3w<\/li>\n<li>Maksymalna liczba monet w obiegu : 210.000.000<\/li>\n<li>Port sieci : 9338<\/li>\n<li>Port RPC : 9337<\/li>\n<li>Przeliczenie trudno\u015bci przez sie\u0107 nast\u0119puje co : 1 blok (Dark Gravity Wave ver3)<\/li>\n<li>Premine w kwocie 8.500.000 PLC w celu wymiany PLC ze starego \u0142a\u0144cucha<\/li>\n<li>Obecna wspierana wersja aplikacji na komputery stacjonarne i serwery to 1.18.0.15 natomiast na urz\u0105dzenia mobilne to 1.1.6<\/li>\n<\/ul>\n<\/div>\n","protected":false},"excerpt":{"rendered":"<p>Co to jest Polcoin Polcoin (POL COIN, PLC) jest pierwsz\u0105 polsk\u0105 wirtualn\u0105 walut\u0105. Powsta\u0142a w styczniu 2014 roku jako klon zyskuj\u0105cego na popularno\u015bci Bitcoina. Oparty jest na tym samym algorytmie SHA256d. Obecnie jest to ca\u0142kowicie polski projekt w, kt\u00f3ry zaanga\u017cowany jest wy\u0142\u0105cznie polski zesp\u00f3\u0142 tw\u00f3rc\u00f3w oraz polski kapita\u0142. Obecnie rozwija go trzeci ju\u017c zesp\u00f3\u0142 developer\u00f3w. &hellip; <\/p>\n<p class=\"link-more\"><a href=\"https:\/\/polcoin.pl\/\" class=\"more-link\">Czytaj dalej<span class=\"screen-reader-text\"> <\/span><\/a><\/p>\n","protected":false},"author":1,"featured_media":0,"parent":0,"menu_order":0,"comment_status":"closed","ping_status":"closed","template":"","meta":[],"_links":{"self":[{"href":"https:\/\/polcoin.pl\/index.php?rest_route=\/wp\/v2\/pages\/4"}],"collection":[{"href":"https:\/\/polcoin.pl\/index.php?rest_route=\/wp\/v2\/pages"}],"about":[{"href":"https:\/\/polcoin.pl\/index.php?rest_route=\/wp\/v2\/types\/page"}],"author":[{"embeddable":true,"href":"https:\/\/polcoin.pl\/index.php?rest_route=\/wp\/v2\/users\/1"}],"replies":[{"embeddable":true,"href":"https:\/\/polcoin.pl\/index.php?rest_route=%2Fwp%2Fv2%2Fcomments&post=4"}],"version-history":[{"count":13,"href":"https:\/\/polcoin.pl\/index.php?rest_route=\/wp\/v2\/pages\/4\/revisions"}],"predecessor-version":[{"id":157,"href":"https:\/\/polcoin.pl\/index.php?rest_route=\/wp\/v2\/pages\/4\/revisions\/157"}],"wp:attachment":[{"href":"https:\/\/polcoin.pl\/index.php?rest_route=%2Fwp%2Fv2%2Fmedia&parent=4"}],"curies":[{"name":"wp","href":"https:\/\/api.w.org\/{rel}","templated":true}]}}